{"id":467,"date":"2017-02-10T23:20:21","date_gmt":"2017-02-10T22:20:21","guid":{"rendered":"http:\/\/www.beblangolino.it\/?page_id=467"},"modified":"2018-03-20T13:12:57","modified_gmt":"2018-03-20T12:12:57","slug":"regolamento-struttura","status":"publish","type":"page","link":"https:\/\/www.beblangolino.it\/it\/regolamento-struttura\/","title":{"rendered":"Regolamento Struttura"},"content":{"rendered":"<p><\/p>\n<h3>Benvenuti nel nostro B&amp;B!<\/h3>\n<blockquote><p>Vi comunichiamo che le regole da osservare all\u2019interno del nostro B&amp;B non sono soltanto quelle sancite dalla legge,<br \/>\nma soprattutto quelle dettate dal buon senso e dal reciproco rispetto.<br \/>\nDecidere di alloggiare presso il B&amp;B L\u2019Angolino significa accettare nella totalit\u00e0 il presente regolamento.<\/p><\/blockquote>\n<p><strong>1 &#8211; Modalit\u00e0 di prenotazione<\/strong><\/p>\n<p>La prenotazione pu\u00f2 essere fatta attraverso il sistema di prenotazioni del nostro sito www.beblangolino.it con le modalit\u00e0 in esso previste e indicate.<br \/>\nIn alternativa, la richiesta di prenotazione pu\u00f2 essere fatta inviando una e-mail all&#8217;indirizzo <a href=\"mailto:reservation@beblangolino.it&amp;subject=Richiesta prenotazione da sito web\">reservation@beblangolino.it<\/a> o telefonando al numero +39 32 96116038.<br \/>\nRiceverete da noi una mail di conferma dell\u2019avvenuta ricezione, accompagnata da indicazioni delle tariffe e delle modalit\u00e0 di pagamento e\/o di garanzia della prenotazione.<br \/>\nUna volta espletate tali formalit\u00e0, Vi sar\u00e0 inviata una e-mail con la conferma della prenotazione e un numero di riferimento.<br \/>\n<b>Politica di cancellazione<\/b><br \/>\nLe cancellazioni e\/o modifiche ai giorni di soggiorno possono essere effettuate gratuitamente entro le ore 14:00 fino ad un massimo di 3 giorni prima della data di arrivo.<br \/>\nPer arrivi posticipati, partenze anticipate o disdette effettuate in un tempo inferiore ai 3 giorni prima della data di arrivo\/partenza \u00e8 prevista una penale pari al 30% dell\u2019importo del soggiorno (comprensivo dei servizi extra).<br \/>\nIn caso di disdetta fuori dai termini previsti (3 giorni precedenti alla data di arrivo\/partenza); <i>Nel caso di pagamento con acconto:<\/i> sar\u00e0 applicata una penale pari all\u2019acconto versato (30% del totale pari al 100% dell\u2019acconto versato). <i>Nel caso di pagamento dell\u2019intero importo:<\/i> sar\u00e0 applicata una penale pari al 30% del totale versato e sar\u00e0 restituita la differenza pari al 70% dell\u2019importo pagato al netto delle commissioni bancarie (circa 3.6%) tramite lo stesso sistema di pagamento utilizzato.<\/p>\n<p><strong>2 &#8211; Check-in<\/strong><br \/>\nEssendo i B&amp;B piccole strutture a gestione familiare, non esiste un servizio di reception disponibile in tutte le ore del giorno, perci\u00f2 vi preghiamo di comunicarci telefonicamente l\u2019orario d&#8217;arrivo previsto almeno 24 ore prima dell\u2019arrivo stesso. Recarsi alla struttura senza aver avvisato circa l\u2019orario d\u2019arrivo pu\u00f2 causare attese e tale disguido non pu\u00f2 essere motivo di reclami o di pretese di rimborso.<\/p>\n<p>Al momento dell\u2019arrivo nel B&amp;B \u00e8 necessario consegnare documento di riconoscimento in corso di validit\u00e0 (Passaporto, Carta d\u2019Identit\u00e0 o Patente), necessari per le registrazioni previste dalla normativa vigente di Pubblica Sicurezza. La non osservanza di tale obbligo costituisce una violazione alle norme del codice penale e ci autorizza a chiedere l\u2019abbandono immediato del B&amp;B. I dati dei nostri ospiti sono trattati in conformit\u00e0 con la vigente normativa sulla privacy.<\/p>\n<p>Una volta effettuata la registrazione, vi verr\u00e0 richiesto, a meno che non sia stato gi\u00e0 effettuato, il saldo del soggiorno che non viene restituito in caso di partenza anticipata. A norma di legge, i B&amp;B non essendo attivit\u00e0 commerciali, non sono tenuti a rilasciare alcun documento fiscale. Per comprovare il vostro pagamento possiamo rilasciare una ricevuta non fiscale attestante l\u2019importo e i dati del vostro soggiorno.<\/p>\n<p>Successivamente vi verranno mostrati la camera o la suite a voi assegnati e le aree comuni a vostra disposizione. Vi verranno inoltre consegnate le chiavi della stanza dove sarete alloggiati che dovrete riconsegnare al momento della vostra partenza lasciandole nell\u2019apposito contenitore posto sul bancone della reception. In caso di smarrimento delle chiavi del portone del palazzo o del portone della struttura o, ancora, della camera, vi saranno addebitate Euro 150,00 per quelle del portone del palazzo ed euro 50,00 per quelle del portone della struttura e della camera.<br \/>\nAll\u2019interno del nostro B&amp;B, per motivi di Pubblica Sicurezza, \u00e8 vietato l\u2019accesso in qualsiasi momento ad altre persone che non siano regolarmente registrate.<\/p>\n<p>Il prezzo pattuito per il soggiorno nrl nostro B&amp;B comprende l&#8217;uso della stanza e del bagno, la prima colazione, la fornitura di asciugamani e lenzuola, l&#8217;uso della tv e dei condizionatori d&#8217;aria\/pompe di calore e l&#8217;uso di tutti gli accessori bagno.<\/p>\n<p><strong>3 &#8211; Orari di arrivo e di partenza<\/strong><br \/>\nCheck in: dalle ore 14.00 alle ore 24.00, orari anticipati o posticipati vanno concordati al momento della prenotazione.<br \/>\nCheck out: entro le ore 10.00. Orari diversi vanno necessariamente concordati. Un ritardo all\u2019orario stabilito comporter\u00e0 l\u2019addebito di una ulteriore notte.<\/p>\n<p><strong>4 &#8211; La prima colazione<\/strong><br \/>\nLa prima colazione pu\u00f2 essere consumata nella sala colazione tra le ore 06.00 e le ore 09.30. Vi preghiamo di segnalarci in anticipo eventuali intolleranze ed allergie alimentari note.<\/p>\n<p><strong>7 &#8211; Bagagli<\/strong><br \/>\nIl B&amp;B declina ogni responsabilit\u00e0 per lo smarrimento, il furto od il danneggiamento di oggetti di vostra propriet\u00e0 lasciati nelle camere o nelle aree comuni.<\/p>\n<p><strong>8 &#8211; La pulizia<\/strong><br \/>\nIl cambio della biancheria viene effettuato ogni 3 giorni e ad ogni cambio ospite. La pulizia delle camere e dei bagni viene effettuata tra le ore 10.00 e le ore 11.30. Si prega di disporre i propri effetti personali in modo da consentire tali pulizie.<\/p>\n<p><strong>9 &#8211; Eventuali danni<\/strong><br \/>\nQualora l\u2019ospite arrechi danno alla struttura, agli accessori appartenenti ai locali assegnatigli o di altro genere, \u00e8 tenuto ad avvisare immediatamente la direzione al numero 3296116038 e, dopo le necessarie verifiche, all\u2019addebito delle relative spese. Si raccomanda un uso corretto e civile dei servizi igienici, evitando di gettare alcunch\u00e9 nel W.C. (per cortesia usate gli appositi cestini), di spegnere le luci e i climatizzatori e di chiudere porte e finestre ogni qualvolta si lascia la camera.<\/p>\n<p><strong>10 \u2013 Fumo e alcool<\/strong><br \/>\nAll\u2019interno del nostro B&amp;B \u00e8 vietato consumare alcolici e fumare. E\u2019 possibile fumare solo nei balconi. Ai trasgressori saranno applicate le sanzioni di legge.<\/p>\n<p><strong>11 &#8211; Animali<\/strong><br \/>\nAll&#8217;interno della nostra struttura, per motivi igienici e per eventuali allergie da parte dei nostri clienti, non \u00e8 consentito l&#8217;accesso agli animali.<\/p>\n<p><strong>12 &#8211; Pace e tranquillit\u00e0<\/strong><br \/>\nIl nostro B&amp;B si trova in un palazzo e in una zona in cui il silenzio e il riposo sono garantiti. Vi preghiamo quindi di osservare il totale silenzio dalle ore 22.00 alle ore 08.00 e dalle ore 14.00 alle ore 16.00, e di mantenere un comportamento in nessun modo danneggi l\u2019altrui tranquillit\u00e0.<\/p>\n<p><strong>14 &#8211; Altri divieti<\/strong><br \/>\nE\u2019 vietato utilizzare all\u2019interno della struttura scaldini, stufette elettriche, fornelli a gas e simili, poich\u00e9 possono causare danno alla struttura, persone e cose. E\u2019 vietato preparare e consumare pasti all\u2019interno della camera ma \u00e8 possibile usufruire dei tavoli della sala colazioni.<\/p>\n<blockquote><p>Qualora l\u2019ospite non si attenga a tale regolamento nella sua interezza ci riserviamo di interrompere, secondo l\u2019applicabile normativa contrattuale, la vostra permanenza nel nostro B&amp;B.<br \/>\nCerti della vostra collaborazione, vi ringraziamo per aver scelto la nostra struttura e vi auguriamo un sereno e felice soggiorno al B&amp;B L&#8217;Angolino.<br \/>\n<em>LA DIREZIONE<\/em><\/p><\/blockquote>\n<p><\/p>","protected":false},"excerpt":{"rendered":"<p>Benvenuti nel nostro B&amp;B! Vi comunichiamo che le regole da osservare all\u2019interno del nostro B&amp;B non sono soltanto quelle sancite dalla legge, ma soprattutto quelle dettate dal buon senso e dal reciproco rispetto. Decidere di alloggiare presso il B&amp;B L\u2019Angolino significa accettare nella totalit\u00e0 il presente regolamento. 1 &#8211; Modalit\u00e0 di prenotazione La prenotazione pu\u00f2 [&hellip;]<\/p>\n","protected":false},"author":5,"featured_media":469,"parent":0,"menu_order":0,"comment_status":"closed","ping_status":"open","template":"","meta":{"footnotes":""},"class_list":["post-467","page","type-page","status-publish","hentry"],"_links":{"self":[{"href":"https:\/\/www.beblangolino.it\/it\/wp-json\/wp\/v2\/pages\/467","targetHints":{"allow":["GET"]}}],"collection":[{"href":"https:\/\/www.beblangolino.it\/it\/wp-json\/wp\/v2\/pages"}],"about":[{"href":"https:\/\/www.beblangolino.it\/it\/wp-json\/wp\/v2\/types\/page"}],"author":[{"embeddable":true,"href":"https:\/\/www.beblangolino.it\/it\/wp-json\/wp\/v2\/users\/5"}],"replies":[{"embeddable":true,"href":"https:\/\/www.beblangolino.it\/it\/wp-json\/wp\/v2\/comments?post=467"}],"version-history":[{"count":16,"href":"https:\/\/www.beblangolino.it\/it\/wp-json\/wp\/v2\/pages\/467\/revisions"}],"predecessor-version":[{"id":1244,"href":"https:\/\/www.beblangolino.it\/it\/wp-json\/wp\/v2\/pages\/467\/revisions\/1244"}],"wp:featuredmedia":[{"embeddable":true,"href":"https:\/\/www.beblangolino.it\/it\/wp-json\/wp\/v2\/media\/469"}],"wp:attachment":[{"href":"https:\/\/www.beblangolino.it\/it\/wp-json\/wp\/v2\/media?parent=467"}],"curies":[{"name":"wp","href":"https:\/\/api.w.org\/{rel}","templated":true}]}}